{"id":4741,"date":"2022-04-04T09:17:26","date_gmt":"2022-04-04T09:17:26","guid":{"rendered":"https:\/\/amarixl.com\/blogue-amarixl\/"},"modified":"2022-10-20T13:47:58","modified_gmt":"2022-10-20T13:47:58","slug":"blogue-amarixl","status":"publish","type":"page","link":"https:\/\/amarixl.com\/fr\/blogue-amarixl\/","title":{"rendered":"Blogue AmariXL"},"content":{"rendered":"\t\t<div data-elementor-type=\"wp-page\" data-elementor-id=\"4741\" class=\"elementor elementor-4741 elementor-2932\">\n\t\t\t\t\t\t\t\t\t<section class=\"elementor-section elementor-top-section elementor-element elementor-element-3e859718 elementor-section-height-min-height elementor-section-content-middle elementor-section-boxed elementor-section-height-default elementor-section-items-middle\" data-id=\"3e859718\" data-element_type=\"section\" data-settings=\"{&quot;background_background&quot;:&quot;classic&quot;,&quot;background_motion_fx_motion_fx_scrolling&quot;:&quot;yes&quot;,&quot;background_motion_fx_translateY_effect&quot;:&quot;yes&quot;,&quot;background_motion_fx_translateY_speed&quot;:{&quot;unit&quot;:&quot;px&quot;,&quot;size&quot;:5,&quot;sizes&quot;:[]},&quot;background_motion_fx_translateY_affectedRange&quot;:{&quot;unit&quot;:&quot;%&quot;,&quot;size&quot;:&quot;&quot;,&quot;sizes&quot;:{&quot;start&quot;:0,&quot;end&quot;:100}},&quot;background_motion_fx_devices&quot;:[&quot;desktop&quot;,&quot;tablet&quot;,&quot;mobile&quot;]}\">\n\t\t\t\t\t\t\t<div class=\"elementor-background-overlay\"><\/div>\n\t\t\t\t\t\t\t<div class=\"elementor-container elementor-column-gap-default\">\n\t\t\t\t\t<div class=\"elementor-column elementor-col-100 elementor-top-column elementor-element elementor-element-2c6e52b4\" data-id=\"2c6e52b4\" data-element_type=\"column\">\n\t\t\t<div class=\"elementor-widget-wrap elementor-element-populated\">\n\t\t\t\t\t\t\t\t<div class=\"elementor-element elementor-element-4fa6ca5e elementor-widget elementor-widget-heading\" data-id=\"4fa6ca5e\" data-element_type=\"widget\" data-widget_type=\"heading.default\">\n\t\t\t\t<div class=\"elementor-widget-container\">\n\t\t\t<style>\/*! elementor - v3.12.0 - 29-03-2023 *\/\n.elementor-heading-title{padding:0;margin:0;line-height:1}.elementor-widget-heading .elementor-heading-title[class*=elementor-size-]>a{color:inherit;font-size:inherit;line-height:inherit}.elementor-widget-heading .elementor-heading-title.elementor-size-small{font-size:15px}.elementor-widget-heading .elementor-heading-title.elementor-size-medium{font-size:19px}.elementor-widget-heading .elementor-heading-title.elementor-size-large{font-size:29px}.elementor-widget-heading .elementor-heading-title.elementor-size-xl{font-size:39px}.elementor-widget-heading .elementor-heading-title.elementor-size-xxl{font-size:59px}<\/style><h1 class=\"elementor-heading-title elementor-size-default\">Blogue AmariXL <\/h1>\t\t<\/div>\n\t\t\t\t<\/div>\n\t\t\t\t\t<\/div>\n\t\t<\/div>\n\t\t\t\t\t\t\t<\/div>\n\t\t<\/section>\n\t\t\t\t<section class=\"elementor-section elementor-top-section elementor-element elementor-element-3c6dd86 elementor-section-boxed elementor-section-height-default elementor-section-height-default\" data-id=\"3c6dd86\" data-element_type=\"section\">\n\t\t\t\t\t\t<div class=\"elementor-container elementor-column-gap-default\">\n\t\t\t\t\t<div class=\"elementor-column elementor-col-100 elementor-top-column elementor-element elementor-element-09f2dd1\" data-id=\"09f2dd1\" data-element_type=\"column\">\n\t\t\t<div class=\"elementor-widget-wrap elementor-element-populated\">\n\t\t\t\t\t\t\t\t<div class=\"elementor-element elementor-element-e67905b hfe-search-layout-icon_text elementor-widget elementor-widget-hfe-search-button\" data-id=\"e67905b\" data-element_type=\"widget\" data-settings=\"{&quot;icon_size&quot;:{&quot;unit&quot;:&quot;px&quot;,&quot;size&quot;:17,&quot;sizes&quot;:[]},&quot;button_width&quot;:{&quot;unit&quot;:&quot;px&quot;,&quot;size&quot;:160,&quot;sizes&quot;:[]},&quot;close_icon_size&quot;:{&quot;unit&quot;:&quot;px&quot;,&quot;size&quot;:17,&quot;sizes&quot;:[]},&quot;size&quot;:{&quot;unit&quot;:&quot;px&quot;,&quot;size&quot;:50,&quot;sizes&quot;:[]},&quot;size_tablet&quot;:{&quot;unit&quot;:&quot;px&quot;,&quot;size&quot;:&quot;&quot;,&quot;sizes&quot;:[]},&quot;size_mobile&quot;:{&quot;unit&quot;:&quot;px&quot;,&quot;size&quot;:&quot;&quot;,&quot;sizes&quot;:[]},&quot;icon_size_tablet&quot;:{&quot;unit&quot;:&quot;px&quot;,&quot;size&quot;:&quot;&quot;,&quot;sizes&quot;:[]},&quot;icon_size_mobile&quot;:{&quot;unit&quot;:&quot;px&quot;,&quot;size&quot;:&quot;&quot;,&quot;sizes&quot;:[]},&quot;button_width_tablet&quot;:{&quot;unit&quot;:&quot;px&quot;,&quot;size&quot;:&quot;&quot;,&quot;sizes&quot;:[]},&quot;button_width_mobile&quot;:{&quot;unit&quot;:&quot;px&quot;,&quot;size&quot;:&quot;&quot;,&quot;sizes&quot;:[]},&quot;close_icon_size_tablet&quot;:{&quot;unit&quot;:&quot;px&quot;,&quot;size&quot;:&quot;&quot;,&quot;sizes&quot;:[]},&quot;close_icon_size_mobile&quot;:{&quot;unit&quot;:&quot;px&quot;,&quot;size&quot;:&quot;&quot;,&quot;sizes&quot;:[]}}\" data-widget_type=\"hfe-search-button.default\">\n\t\t\t\t<div class=\"elementor-widget-container\">\n\t\t\t\t\t<form class=\"hfe-search-button-wrapper\" role=\"search\" action=\"https:\/\/amarixl.com\/fr\/\" method=\"get\">\n\t\t\t\t\t\t<div class=\"hfe-search-form__container\" role=\"tablist\">\n\t\t\t\t\t\t\t\t\t<input placeholder=\"Search our blog.\" class=\"hfe-search-form__input\" type=\"search\" name=\"s\" title=\"Recherche\" value=\"\">\n\t\t\t\t\t<button id=\"clear-with-button\" type=\"reset\">\n\t\t\t\t\t\t<i class=\"fas fa-times\" aria-hidden=\"true\"><\/i>\n\t\t\t\t\t<\/button>\n\t\t\t\t\t<button class=\"hfe-search-submit\" type=\"submit\">\n\t\t\t\t\t\t<i class=\"fas fa-search\" aria-hidden=\"true\"><\/i>\n\t\t\t\t\t<\/button>\n\t\t\t\t\t\t\t<\/div>\n\t\t\t\t<\/form>\n\t\t\t\t<\/div>\n\t\t\t\t<\/div>\n\t\t\t\t\t<\/div>\n\t\t<\/div>\n\t\t\t\t\t\t\t<\/div>\n\t\t<\/section>\n\t\t\t\t<section class=\"elementor-section elementor-top-section elementor-element elementor-element-413ff568 elementor-section-boxed elementor-section-height-default elementor-section-height-default\" data-id=\"413ff568\" data-element_type=\"section\">\n\t\t\t\t\t\t<div class=\"elementor-container elementor-column-gap-default\">\n\t\t\t\t\t<div class=\"elementor-column elementor-col-100 elementor-top-column elementor-element elementor-element-6293fd5b\" data-id=\"6293fd5b\" data-element_type=\"column\">\n\t\t\t<div class=\"elementor-widget-wrap elementor-element-populated\">\n\t\t\t\t\t\t\t\t<div class=\"elementor-element elementor-element-5d929e8 elementor-grid-3 elementor-grid-tablet-2 elementor-grid-mobile-1 elementor-posts--thumbnail-top elementor-card-shadow-yes elementor-posts__hover-gradient elementor-widget elementor-widget-posts\" data-id=\"5d929e8\" data-element_type=\"widget\" data-settings=\"{&quot;cards_columns&quot;:&quot;3&quot;,&quot;cards_columns_tablet&quot;:&quot;2&quot;,&quot;cards_columns_mobile&quot;:&quot;1&quot;,&quot;cards_row_gap&quot;:{&quot;unit&quot;:&quot;px&quot;,&quot;size&quot;:35,&quot;sizes&quot;:[]},&quot;cards_row_gap_tablet&quot;:{&quot;unit&quot;:&quot;px&quot;,&quot;size&quot;:&quot;&quot;,&quot;sizes&quot;:[]},&quot;cards_row_gap_mobile&quot;:{&quot;unit&quot;:&quot;px&quot;,&quot;size&quot;:&quot;&quot;,&quot;sizes&quot;:[]}}\" data-widget_type=\"posts.cards\">\n\t\t\t\t<div class=\"elementor-widget-container\">\n\t\t\t<link rel=\"stylesheet\" href=\"https:\/\/amarixl.com\/wp-content\/plugins\/elementor-pro\/assets\/css\/widget-posts.min.css\">\t\t<div class=\"elementor-posts-container elementor-posts elementor-posts--skin-cards elementor-grid\">\n\t\t\t\t<article class=\"elementor-post elementor-grid-item post-4759 post type-post status-publish format-standard has-post-thumbnail hentry category-experience-client\">\n\t\t\t<div class=\"elementor-post__card\">\n\t\t\t\t<a class=\"elementor-post__thumbnail__link\" href=\"https:\/\/amarixl.com\/fr\/comment-une-meilleure-experience-client-peut-transformer-les-premiers-acheteurs-en-ambassadeurs-de-la-marque-pourquoi-vous-en-soucier-1\/\" ><div class=\"elementor-post__thumbnail\"><img loading=\"lazy\" decoding=\"async\" width=\"300\" height=\"156\" src=\"https:\/\/amarixl.com\/wp-content\/uploads\/2022\/09\/Featured-images-Posts-300x156.png\" class=\"attachment-medium size-medium wp-image-4443\" alt=\"\" srcset=\"https:\/\/amarixl.com\/wp-content\/uploads\/2022\/09\/Featured-images-Posts-300x156.png 300w, https:\/\/amarixl.com\/wp-content\/uploads\/2022\/09\/Featured-images-Posts-1024x533.png 1024w, https:\/\/amarixl.com\/wp-content\/uploads\/2022\/09\/Featured-images-Posts-768x400.png 768w, https:\/\/amarixl.com\/wp-content\/uploads\/2022\/09\/Featured-images-Posts-1536x800.png 1536w, https:\/\/amarixl.com\/wp-content\/uploads\/2022\/09\/Featured-images-Posts.png 1920w\" sizes=\"auto, (max-width: 300px) 100vw, 300px\" \/><\/div><\/a>\n\t\t\t\t<div class=\"elementor-post__text\">\n\t\t\t\t<h3 class=\"elementor-post__title\">\n\t\t\t<a href=\"https:\/\/amarixl.com\/fr\/comment-une-meilleure-experience-client-peut-transformer-les-premiers-acheteurs-en-ambassadeurs-de-la-marque-pourquoi-vous-en-soucier-1\/\" >\n\t\t\t\tComment une meilleure exp\u00e9rience client peut transformer les premiers acheteurs en ambassadeurs de la marque (Pourquoi vous en soucier?) &#8211; #1\t\t\t<\/a>\n\t\t<\/h3>\n\t\t\t\t<div class=\"elementor-post__excerpt\">\n\t\t\t<p>Le nouveau facteur de diff\u00e9renciation Ces derni\u00e8res ann\u00e9es, l&rsquo;exp\u00e9rience client est devenue une priorit\u00e9 absolue pour les marques e-commerce. De nombreuses marques r\u00e9alisent aujourd&rsquo;hui que<\/p>\n\t\t<\/div>\n\t\t\n\t\t<a class=\"elementor-post__read-more\" href=\"https:\/\/amarixl.com\/fr\/comment-une-meilleure-experience-client-peut-transformer-les-premiers-acheteurs-en-ambassadeurs-de-la-marque-pourquoi-vous-en-soucier-1\/\" aria-label=\"En savoir plus sur Comment une meilleure exp\u00e9rience client peut transformer les premiers acheteurs en ambassadeurs de la marque (Pourquoi vous en soucier?) &#8211; #1\" >\n\t\t\tLire plus \u00bb\t\t<\/a>\n\n\t\t\t\t<\/div>\n\t\t\t\t<div class=\"elementor-post__meta-data\">\n\t\t\t\t\t<span class=\"elementor-post-avatar\">\n\t\t\tAucun commentaire\t\t<\/span>\n\t\t\t\t<\/div>\n\t\t\t\t\t<\/div>\n\t\t<\/article>\n\t\t\t\t<article class=\"elementor-post elementor-grid-item post-4794 post type-post status-publish format-standard has-post-thumbnail hentry category-experience-client\">\n\t\t\t<div class=\"elementor-post__card\">\n\t\t\t\t<a class=\"elementor-post__thumbnail__link\" href=\"https:\/\/amarixl.com\/fr\/comment-lexperience-client-transforme-les-premiers-acheteurs-en-ambassadeurs-de-votre-marque-la-livraison-2\/\" ><div class=\"elementor-post__thumbnail\"><img loading=\"lazy\" decoding=\"async\" width=\"300\" height=\"156\" src=\"https:\/\/amarixl.com\/wp-content\/uploads\/2022\/09\/Featured-images-Posts-1-300x156.png\" class=\"attachment-medium size-medium wp-image-4446\" alt=\"\" srcset=\"https:\/\/amarixl.com\/wp-content\/uploads\/2022\/09\/Featured-images-Posts-1-300x156.png 300w, https:\/\/amarixl.com\/wp-content\/uploads\/2022\/09\/Featured-images-Posts-1-1024x533.png 1024w, https:\/\/amarixl.com\/wp-content\/uploads\/2022\/09\/Featured-images-Posts-1-768x400.png 768w, https:\/\/amarixl.com\/wp-content\/uploads\/2022\/09\/Featured-images-Posts-1-1536x800.png 1536w, https:\/\/amarixl.com\/wp-content\/uploads\/2022\/09\/Featured-images-Posts-1.png 1920w\" sizes=\"auto, (max-width: 300px) 100vw, 300px\" \/><\/div><\/a>\n\t\t\t\t<div class=\"elementor-post__text\">\n\t\t\t\t<h3 class=\"elementor-post__title\">\n\t\t\t<a href=\"https:\/\/amarixl.com\/fr\/comment-lexperience-client-transforme-les-premiers-acheteurs-en-ambassadeurs-de-votre-marque-la-livraison-2\/\" >\n\t\t\t\tComment l&rsquo;exp\u00e9rience client transforme les premiers acheteurs en ambassadeurs de votre marque (La livraison) &#8211; #2\t\t\t<\/a>\n\t\t<\/h3>\n\t\t\t\t<div class=\"elementor-post__excerpt\">\n\t\t\t<p>Comment cr\u00e9er une exp\u00e9rience de livraison parfaite. Dans la premi\u00e8re s\u00e9rie de cet article, nous avons pr\u00e9sent\u00e9 l&rsquo;exp\u00e9rience client et les raisons pour lesquelles vous<\/p>\n\t\t<\/div>\n\t\t\n\t\t<a class=\"elementor-post__read-more\" href=\"https:\/\/amarixl.com\/fr\/comment-lexperience-client-transforme-les-premiers-acheteurs-en-ambassadeurs-de-votre-marque-la-livraison-2\/\" aria-label=\"En savoir plus sur Comment l&rsquo;exp\u00e9rience client transforme les premiers acheteurs en ambassadeurs de votre marque (La livraison) &#8211; #2\" >\n\t\t\tLire plus \u00bb\t\t<\/a>\n\n\t\t\t\t<\/div>\n\t\t\t\t<div class=\"elementor-post__meta-data\">\n\t\t\t\t\t<span class=\"elementor-post-avatar\">\n\t\t\tAucun commentaire\t\t<\/span>\n\t\t\t\t<\/div>\n\t\t\t\t\t<\/div>\n\t\t<\/article>\n\t\t\t\t<article class=\"elementor-post elementor-grid-item post-4796 post type-post status-publish format-standard has-post-thumbnail hentry category-experience-client\">\n\t\t\t<div class=\"elementor-post__card\">\n\t\t\t\t<a class=\"elementor-post__thumbnail__link\" href=\"https:\/\/amarixl.com\/fr\/comment-lexperience-client-transforme-les-premiers-acheteurs-en-ambassadeurs-de-votre-marque-emballage-3\/\" ><div class=\"elementor-post__thumbnail\"><img loading=\"lazy\" decoding=\"async\" width=\"300\" height=\"156\" src=\"https:\/\/amarixl.com\/wp-content\/uploads\/2022\/09\/Featured-images-Posts-2-300x156.png\" class=\"attachment-medium size-medium wp-image-4449\" alt=\"\" srcset=\"https:\/\/amarixl.com\/wp-content\/uploads\/2022\/09\/Featured-images-Posts-2-300x156.png 300w, https:\/\/amarixl.com\/wp-content\/uploads\/2022\/09\/Featured-images-Posts-2-1024x533.png 1024w, https:\/\/amarixl.com\/wp-content\/uploads\/2022\/09\/Featured-images-Posts-2-768x400.png 768w, https:\/\/amarixl.com\/wp-content\/uploads\/2022\/09\/Featured-images-Posts-2-1536x800.png 1536w, https:\/\/amarixl.com\/wp-content\/uploads\/2022\/09\/Featured-images-Posts-2.png 1920w\" sizes=\"auto, (max-width: 300px) 100vw, 300px\" \/><\/div><\/a>\n\t\t\t\t<div class=\"elementor-post__text\">\n\t\t\t\t<h3 class=\"elementor-post__title\">\n\t\t\t<a href=\"https:\/\/amarixl.com\/fr\/comment-lexperience-client-transforme-les-premiers-acheteurs-en-ambassadeurs-de-votre-marque-emballage-3\/\" >\n\t\t\t\tComment l&rsquo;exp\u00e9rience client transforme les premiers acheteurs en ambassadeurs de votre marque (Emballage) &#8211; #3\t\t\t<\/a>\n\t\t<\/h3>\n\t\t\t\t<div class=\"elementor-post__excerpt\">\n\t\t\t<p>Comment cr\u00e9er une exp\u00e9rience d&#8217;emballage m\u00e9morable Cela contribue \u00e0 l&rsquo;exp\u00e9rience d&rsquo;unboxing de vos clients. C&rsquo;est le moment o\u00f9 les consommateurs voient et touchent enfin votre<\/p>\n\t\t<\/div>\n\t\t\n\t\t<a class=\"elementor-post__read-more\" href=\"https:\/\/amarixl.com\/fr\/comment-lexperience-client-transforme-les-premiers-acheteurs-en-ambassadeurs-de-votre-marque-emballage-3\/\" aria-label=\"En savoir plus sur Comment l&rsquo;exp\u00e9rience client transforme les premiers acheteurs en ambassadeurs de votre marque (Emballage) &#8211; #3\" >\n\t\t\tLire plus \u00bb\t\t<\/a>\n\n\t\t\t\t<\/div>\n\t\t\t\t<div class=\"elementor-post__meta-data\">\n\t\t\t\t\t<span class=\"elementor-post-avatar\">\n\t\t\tAucun commentaire\t\t<\/span>\n\t\t\t\t<\/div>\n\t\t\t\t\t<\/div>\n\t\t<\/article>\n\t\t\t\t<\/div>\n\t\t\n\t\t\t\t<\/div>\n\t\t\t\t<\/div>\n\t\t\t\t\t<\/div>\n\t\t<\/div>\n\t\t\t\t\t\t\t<\/div>\n\t\t<\/section>\n\t\t\t\t\t\t\t<\/div>\n\t\t","protected":false},"excerpt":{"rendered":"<p>Blogue AmariXL<\/p>\n","protected":false},"author":1,"featured_media":0,"parent":0,"menu_order":0,"comment_status":"closed","ping_status":"closed","template":"elementor_canvas","meta":{"om_disable_all_campaigns":false,"_monsterinsights_skip_tracking":false,"_monsterinsights_sitenote_active":false,"_monsterinsights_sitenote_note":"","_monsterinsights_sitenote_category":0,"site-sidebar-layout":"no-sidebar","site-content-layout":"page-builder","ast-global-header-display":"","ast-main-header-display":"","ast-hfb-above-header-display":"","ast-hfb-below-header-display":"","ast-hfb-mobile-header-display":"","site-post-title":"disabled","ast-breadcrumbs-content":"","ast-featured-img":"disabled","footer-sml-layout":"","theme-transparent-header-meta":"default","adv-header-id-meta":"","stick-header-meta":"","header-above-stick-meta":"","header-main-stick-meta":"","header-below-stick-meta":"","footnotes":""},"class_list":["post-4741","page","type-page","status-publish","hentry"],"yoast_head":"<!-- This site is optimized with the Yoast SEO plugin v20.4 - https:\/\/yoast.com\/wordpress\/plugins\/seo\/ -->\n<title>Blogue AmariXL - AmariXL<\/title>\n<meta name=\"robots\" content=\"index, follow, max-snippet:-1, max-image-preview:large, max-video-preview:-1\" \/>\n<link rel=\"canonical\" href=\"https:\/\/amarixl.com\/fr\/blogue-amarixl\/\" \/>\n<meta property=\"og:locale\" content=\"fr_FR\" \/>\n<meta property=\"og:type\" content=\"article\" \/>\n<meta property=\"og:title\" content=\"Blogue AmariXL - AmariXL\" \/>\n<meta property=\"og:description\" content=\"Blogue AmariXL\" \/>\n<meta property=\"og:url\" content=\"https:\/\/amarixl.com\/fr\/blogue-amarixl\/\" \/>\n<meta property=\"og:site_name\" content=\"AmariXL\" \/>\n<meta property=\"article:modified_time\" content=\"2022-10-20T13:47:58+00:00\" \/>\n<meta name=\"twitter:card\" content=\"summary_large_image\" \/>\n<script type=\"application\/ld+json\" class=\"yoast-schema-graph\">{\"@context\":\"https:\/\/schema.org\",\"@graph\":[{\"@type\":\"WebPage\",\"@id\":\"https:\/\/amarixl.com\/fr\/blogue-amarixl\/\",\"url\":\"https:\/\/amarixl.com\/fr\/blogue-amarixl\/\",\"name\":\"Blogue AmariXL - AmariXL\",\"isPartOf\":{\"@id\":\"https:\/\/amarixl.com\/fr\/#website\"},\"datePublished\":\"2022-04-04T09:17:26+00:00\",\"dateModified\":\"2022-10-20T13:47:58+00:00\",\"breadcrumb\":{\"@id\":\"https:\/\/amarixl.com\/fr\/blogue-amarixl\/#breadcrumb\"},\"inLanguage\":\"fr-FR\",\"potentialAction\":[{\"@type\":\"ReadAction\",\"target\":[\"https:\/\/amarixl.com\/fr\/blogue-amarixl\/\"]}]},{\"@type\":\"BreadcrumbList\",\"@id\":\"https:\/\/amarixl.com\/fr\/blogue-amarixl\/#breadcrumb\",\"itemListElement\":[{\"@type\":\"ListItem\",\"position\":1,\"name\":\"Home\",\"item\":\"https:\/\/amarixl.com\/fr\/accueil\/\"},{\"@type\":\"ListItem\",\"position\":2,\"name\":\"Blogue AmariXL\"}]},{\"@type\":\"WebSite\",\"@id\":\"https:\/\/amarixl.com\/fr\/#website\",\"url\":\"https:\/\/amarixl.com\/fr\/\",\"name\":\"AmariXL\",\"description\":\"E-commerce Consulting Firm\",\"publisher\":{\"@id\":\"https:\/\/amarixl.com\/fr\/#organization\"},\"potentialAction\":[{\"@type\":\"SearchAction\",\"target\":{\"@type\":\"EntryPoint\",\"urlTemplate\":\"https:\/\/amarixl.com\/fr\/?s={search_term_string}\"},\"query-input\":\"required name=search_term_string\"}],\"inLanguage\":\"fr-FR\"},{\"@type\":\"Organization\",\"@id\":\"https:\/\/amarixl.com\/fr\/#organization\",\"name\":\"AmariXL\",\"url\":\"https:\/\/amarixl.com\/fr\/\",\"logo\":{\"@type\":\"ImageObject\",\"inLanguage\":\"fr-FR\",\"@id\":\"https:\/\/amarixl.com\/fr\/#\/schema\/logo\/image\/\",\"url\":\"https:\/\/amarixl.com\/wp-content\/uploads\/2021\/09\/AmariXL-transparent-1.png\",\"contentUrl\":\"https:\/\/amarixl.com\/wp-content\/uploads\/2021\/09\/AmariXL-transparent-1.png\",\"width\":800,\"height\":800,\"caption\":\"AmariXL\"},\"image\":{\"@id\":\"https:\/\/amarixl.com\/fr\/#\/schema\/logo\/image\/\"}}]}<\/script>\n<!-- \/ Yoast SEO plugin. -->","yoast_head_json":{"title":"Blogue AmariXL - AmariXL","robots":{"index":"index","follow":"follow","max-snippet":"max-snippet:-1","max-image-preview":"max-image-preview:large","max-video-preview":"max-video-preview:-1"},"canonical":"https:\/\/amarixl.com\/fr\/blogue-amarixl\/","og_locale":"fr_FR","og_type":"article","og_title":"Blogue AmariXL - AmariXL","og_description":"Blogue AmariXL","og_url":"https:\/\/amarixl.com\/fr\/blogue-amarixl\/","og_site_name":"AmariXL","article_modified_time":"2022-10-20T13:47:58+00:00","twitter_card":"summary_large_image","schema":{"@context":"https:\/\/schema.org","@graph":[{"@type":"WebPage","@id":"https:\/\/amarixl.com\/fr\/blogue-amarixl\/","url":"https:\/\/amarixl.com\/fr\/blogue-amarixl\/","name":"Blogue AmariXL - AmariXL","isPartOf":{"@id":"https:\/\/amarixl.com\/fr\/#website"},"datePublished":"2022-04-04T09:17:26+00:00","dateModified":"2022-10-20T13:47:58+00:00","breadcrumb":{"@id":"https:\/\/amarixl.com\/fr\/blogue-amarixl\/#breadcrumb"},"inLanguage":"fr-FR","potentialAction":[{"@type":"ReadAction","target":["https:\/\/amarixl.com\/fr\/blogue-amarixl\/"]}]},{"@type":"BreadcrumbList","@id":"https:\/\/amarixl.com\/fr\/blogue-amarixl\/#breadcrumb","itemListElement":[{"@type":"ListItem","position":1,"name":"Home","item":"https:\/\/amarixl.com\/fr\/accueil\/"},{"@type":"ListItem","position":2,"name":"Blogue AmariXL"}]},{"@type":"WebSite","@id":"https:\/\/amarixl.com\/fr\/#website","url":"https:\/\/amarixl.com\/fr\/","name":"AmariXL","description":"E-commerce Consulting Firm","publisher":{"@id":"https:\/\/amarixl.com\/fr\/#organization"},"potentialAction":[{"@type":"SearchAction","target":{"@type":"EntryPoint","urlTemplate":"https:\/\/amarixl.com\/fr\/?s={search_term_string}"},"query-input":"required name=search_term_string"}],"inLanguage":"fr-FR"},{"@type":"Organization","@id":"https:\/\/amarixl.com\/fr\/#organization","name":"AmariXL","url":"https:\/\/amarixl.com\/fr\/","logo":{"@type":"ImageObject","inLanguage":"fr-FR","@id":"https:\/\/amarixl.com\/fr\/#\/schema\/logo\/image\/","url":"https:\/\/amarixl.com\/wp-content\/uploads\/2021\/09\/AmariXL-transparent-1.png","contentUrl":"https:\/\/amarixl.com\/wp-content\/uploads\/2021\/09\/AmariXL-transparent-1.png","width":800,"height":800,"caption":"AmariXL"},"image":{"@id":"https:\/\/amarixl.com\/fr\/#\/schema\/logo\/image\/"}}]}},"_links":{"self":[{"href":"https:\/\/amarixl.com\/fr\/wp-json\/wp\/v2\/pages\/4741","targetHints":{"allow":["GET"]}}],"collection":[{"href":"https:\/\/amarixl.com\/fr\/wp-json\/wp\/v2\/pages"}],"about":[{"href":"https:\/\/amarixl.com\/fr\/wp-json\/wp\/v2\/types\/page"}],"author":[{"embeddable":true,"href":"https:\/\/amarixl.com\/fr\/wp-json\/wp\/v2\/users\/1"}],"replies":[{"embeddable":true,"href":"https:\/\/amarixl.com\/fr\/wp-json\/wp\/v2\/comments?post=4741"}],"version-history":[{"count":2,"href":"https:\/\/amarixl.com\/fr\/wp-json\/wp\/v2\/pages\/4741\/revisions"}],"predecessor-version":[{"id":4743,"href":"https:\/\/amarixl.com\/fr\/wp-json\/wp\/v2\/pages\/4741\/revisions\/4743"}],"wp:attachment":[{"href":"https:\/\/amarixl.com\/fr\/wp-json\/wp\/v2\/media?parent=4741"}],"curies":[{"name":"wp","href":"https:\/\/api.w.org\/{rel}","templated":true}]}}